{"id":53,"date":"2025-07-17T16:29:25","date_gmt":"2025-07-17T16:29:25","guid":{"rendered":"http:\/\/tutoriel-template.local\/?page_id=53"},"modified":"2025-12-02T13:25:35","modified_gmt":"2025-12-02T13:25:35","slug":"a-propos","status":"publish","type":"page","link":"https:\/\/osv-photographie.fr\/index.php\/a-propos\/","title":{"rendered":"\u00c0 propos"},"content":{"rendered":"<p>[et_pb_section fb_built=\u00a0\u00bb1&Prime; disabled_on=\u00a0\u00bbon|on|off\u00a0\u00bb _builder_version=\u00a0\u00bb4.25.2&Prime; _module_preset=\u00a0\u00bb%22default%22&Prime; background_color=\u00a0\u00bb%22#e5e5e5%22&Prime; custom_padding=\u00a0\u00bb||||false|false\u00a0\u00bb global_colors_info=\u00a0\u00bb%22{}%22&Prime;][et_pb_row column_structure=\u00a0\u00bb1_2,1_2&Prime; _builder_version=\u00a0\u00bb4.25.2&Prime; _module_preset=\u00a0\u00bb%22default%22&Prime; width=\u00a0\u00bb100%\u00a0\u00bb max_width=\u00a0\u00bb1290px\u00a0\u00bb global_colors_info=\u00a0\u00bb%22{}%22&Prime;][et_pb_column type=\u00a0\u00bb1_2&Prime; _builder_version=\u00a0\u00bb4.25.2&Prime; _module_preset=\u00a0\u00bb%22default%22&Prime; custom_padding=\u00a0\u00bb|||\u00a0\u00bb sticky_position=\u00a0\u00bbtop\u00a0\u00bb sticky_limit_bottom=\u00a0\u00bbrow\u00a0\u00bb global_colors_info=\u00a0\u00bb%22{}%22&Prime; custom_padding__hover=\u00a0\u00bb|||\u00a0\u00bb][et_pb_image src=\u00a0\u00bbhttp:\/\/osv-photographie.fr\/wp-content\/uploads\/2025\/12\/photo-oce-2.webp\u00a0\u00bb title_text=\u00a0\u00bbphoto oce (2)\u00a0\u00bb align_tablet=\u00a0\u00bbcenter\u00a0\u00bb align_phone=\u00a0\u00bbcenter\u00a0\u00bb align_last_edited=\u00a0\u00bbon|desktop\u00a0\u00bb _builder_version=\u00a0\u00bb4.25.2&Prime; _module_preset=\u00a0\u00bb%22default%22&Prime; animation_style=\u00a0\u00bbslide\u00a0\u00bb animation_direction=\u00a0\u00bbleft\u00a0\u00bb animation_duration=\u00a0\u00bb500ms\u00a0\u00bb animation_intensity_slide=\u00a0\u00bb10%\u00a0\u00bb global_colors_info=\u00a0\u00bb%22{}%22&Prime;][\/et_pb_image][\/et_pb_column][et_pb_column type=\u00a0\u00bb1_2&Prime; _builder_version=\u00a0\u00bb4.16&Prime; _module_preset=\u00a0\u00bb%22default%22&Prime; custom_padding=\u00a0\u00bb|||\u00a0\u00bb sticky_position=\u00a0\u00bb%22top%22&Prime; sticky_offset_top=\u00a0\u00bb%2225px%22&Prime; sticky_limit_bottom=\u00a0\u00bb%22row%22&Prime; global_colors_info=\u00a0\u00bb%22{}%22&Prime; custom_padding__hover=\u00a0\u00bb|||\u00a0\u00bb][et_pb_heading title=\u00a0\u00bb\u00c0 propos\u00a0\u00bb _builder_version=\u00a0\u00bb4.25.2&Prime; _module_preset=\u00a0\u00bbdefault\u00a0\u00bb title_level=\u00a0\u00bbh2&Prime; custom_margin=\u00a0\u00bb20px||10px||false|false\u00a0\u00bb global_colors_info=\u00a0\u00bb{}\u00a0\u00bb][\/et_pb_heading][et_pb_text _builder_version=\u00a0\u00bb4.25.2&Prime; _module_preset=\u00a0\u00bb%22default%22&Prime; background_size=\u00a0\u00bbinitial\u00a0\u00bb background_position=\u00a0\u00bbtop_left\u00a0\u00bb background_repeat=\u00a0\u00bbrepeat\u00a0\u00bb global_colors_info=\u00a0\u00bb%22{}%22&Prime;]<\/p>\n<p style=\"text-align: justify;\">Photographe sp\u00e9cialis\u00e9e en architecture d\u2019int\u00e9rieur, j\u2019aide les <span data-token-index=\"1\" class=\"notion-enable-hover\">architectes, d\u00e9corateurs et professionnels du BTP<\/span> \u00e0 r\u00e9v\u00e9ler la valeur r\u00e9elle de leurs projets gr\u00e2ce \u00e0 des images pr\u00e9cises, soign\u00e9es et orient\u00e9es communication.<!-- notionvc: 78de49d8-d66b-42d8-a173-05994afd719e --><\/p>\n<p>[\/et_pb_text][et_pb_heading title=\u00a0\u00bbMa vision\u00a0\u00bb _builder_version=\u00a0\u00bb4.25.2&Prime; _module_preset=\u00a0\u00bbdefault\u00a0\u00bb title_level=\u00a0\u00bbh3&Prime; title_font=\u00a0\u00bb&#8211;et_global_body_font||||on||||\u00a0\u00bb title_font_size=\u00a0\u00bb18px\u00a0\u00bb custom_margin=\u00a0\u00bb20px||10px||false|false\u00a0\u00bb global_colors_info=\u00a0\u00bb{}\u00a0\u00bb][\/et_pb_heading][et_pb_text _builder_version=\u00a0\u00bb4.25.2&Prime; _module_preset=\u00a0\u00bb%22default%22&Prime; background_size=\u00a0\u00bbinitial\u00a0\u00bb background_position=\u00a0\u00bbtop_left\u00a0\u00bb background_repeat=\u00a0\u00bbrepeat\u00a0\u00bb global_colors_info=\u00a0\u00bb%22{}%22&Prime;]<\/p>\n<p style=\"text-align: justify;\">Je crois qu\u2019une photo ne sert pas seulement \u00e0 montrer un espace : elle doit <span data-token-index=\"1\" class=\"notion-enable-hover\">raconter le savoir\u2011faire<\/span>, sublimer les volumes, les mati\u00e8res, la lumi\u00e8re, et transmettre l\u2019intention du projet. Mon approche combine sens du d\u00e9tail, rigueur technique et sensibilit\u00e9 esth\u00e9tique.<!-- notionvc: 4aed3682-e8b6-4b6f-ac2c-01724eba0bb0 --><br \/><!-- notionvc: 78de49d8-d66b-42d8-a173-05994afd719e --><\/p>\n<p>[\/et_pb_text][et_pb_heading title=\u00a0\u00bbMon parcours\u00a0\u00bb _builder_version=\u00a0\u00bb4.25.2&Prime; _module_preset=\u00a0\u00bbdefault\u00a0\u00bb title_level=\u00a0\u00bbh3&Prime; title_font=\u00a0\u00bb&#8211;et_global_body_font||||on||||\u00a0\u00bb title_font_size=\u00a0\u00bb18px\u00a0\u00bb custom_margin=\u00a0\u00bb20px||10px||false|false\u00a0\u00bb global_colors_info=\u00a0\u00bb{}\u00a0\u00bb][\/et_pb_heading][et_pb_text _builder_version=\u00a0\u00bb4.25.2&Prime; _module_preset=\u00a0\u00bb%22default%22&Prime; background_size=\u00a0\u00bbinitial\u00a0\u00bb background_position=\u00a0\u00bbtop_left\u00a0\u00bb background_repeat=\u00a0\u00bbrepeat\u00a0\u00bb global_colors_info=\u00a0\u00bb%22{}%22&Prime;]<\/p>\n<p style=\"text-align: justify;\">Passionn\u00e9e par l\u2019immobilier et l\u2019architecture, je me suis form\u00e9e aupr\u00e8s de <strong>l\u2019Atelier Charles<\/strong>, en photographie d\u2019architecture d\u2019int\u00e9rieur. Cette formation m\u2019a permis de d\u00e9velopper une ma\u00eetrise professionnelle du cadrage, de la gestion de la lumi\u00e8re et de la mise en valeur d\u2019un espace.<\/p>\n<ul>\n<li>des <strong>agences immobilieres<\/strong><\/li>\n<li><strong>des <span data-token-index=\"1\" class=\"notion-enable-hover\">d\u00e9corateurs<\/span> <\/strong>qui veulent montrer l\u2019avant\/apr\u00e8s et mettre en lumi\u00e8re leur professionnalisme<\/li>\n<li>des <strong><span data-token-index=\"1\" class=\"notion-enable-hover\">artisans et pros du BTP<\/span><\/strong> qui ont besoin de photos impactantes pour valoriser leur travail et gagner de nouveaux contrats<!-- notionvc: 69c85dae-2905-4135-a5c3-7f81f5a48e1a --><\/li>\n<li>des <strong><span data-token-index=\"1\" class=\"notion-enable-hover\">agences immobilieres <\/span><\/strong><!-- notionvc: b75ea1f3-3c01-48e8-a7ee-c833b56ac09a --><\/li>\n<\/ul>\n<p>[\/et_pb_text][et_pb_heading title=\u00a0\u00bbMa mission\u00a0\u00bb _builder_version=\u00a0\u00bb4.25.2&Prime; _module_preset=\u00a0\u00bbdefault\u00a0\u00bb title_level=\u00a0\u00bbh3&Prime; title_font=\u00a0\u00bb&#8211;et_global_body_font||||on||||\u00a0\u00bb title_font_size=\u00a0\u00bb18px\u00a0\u00bb custom_margin=\u00a0\u00bb20px||10px||false|false\u00a0\u00bb global_colors_info=\u00a0\u00bb{}\u00a0\u00bb][\/et_pb_heading][et_pb_text _builder_version=\u00a0\u00bb4.25.2&Prime; _module_preset=\u00a0\u00bbdefault\u00a0\u00bb global_colors_info=\u00a0\u00bb{}\u00a0\u00bb]<\/p>\n<p>Cr\u00e9er des visuels professionnels, fid\u00e8les et attractifs qui am\u00e9liorent <strong>votre communication,<\/strong> renforcent votre cr\u00e9dibilit\u00e9 et vous aident \u00e0 pr\u00e9senter vos projets comme de v\u00e9ritables r\u00e9alisations d\u2019exception.<\/p>\n<p>Car vos projets meritent des photos signature<\/p>\n<p><!-- notionvc: d67781e4-7ab9-4871-a354-ec503de9c780 --><\/p>\n<p>[\/et_pb_text][et_pb_button button_text=\u00a0\u00bbMe contacter\u00a0\u00bb _builder_version=\u00a0\u00bb4.25.2&Prime; _module_preset=\u00a0\u00bbdefault\u00a0\u00bb custom_button=\u00a0\u00bbon\u00a0\u00bb button_text_size=\u00a0\u00bb18px\u00a0\u00bb button_text_color=\u00a0\u00bb#FFFFFF\u00a0\u00bb button_bg_color=\u00a0\u00bb#638489&Prime; button_border_width=\u00a0\u00bb2px\u00a0\u00bb button_border_color=\u00a0\u00bb#638489&Prime; button_border_radius=\u00a0\u00bb0px\u00a0\u00bb button_font=\u00a0\u00bb&#8211;et_global_body_font||||||||\u00a0\u00bb global_colors_info=\u00a0\u00bb{}\u00a0\u00bb button_border_width__hover_enabled=\u00a0\u00bbon|hover\u00a0\u00bb button_border_color__hover_enabled=\u00a0\u00bbon|hover\u00a0\u00bb button_border_color__hover=\u00a0\u00bb#638489&Prime; button_border_width__hover=\u00a0\u00bb2px\u00a0\u00bb][\/et_pb_button][\/et_pb_column][\/et_pb_row][\/et_pb_section][et_pb_section fb_built=\u00a0\u00bb1&Prime; custom_padding_last_edited=\u00a0\u00bbon|phone\u00a0\u00bb disabled_on=\u00a0\u00bboff|off|on\u00a0\u00bb _builder_version=\u00a0\u00bb4.25.2&Prime; _module_preset=\u00a0\u00bb%22default%22&Prime; background_color=\u00a0\u00bb%22#e5e5e5%22&Prime; custom_margin=\u00a0\u00bb||||false|false\u00a0\u00bb custom_padding=\u00a0\u00bb||||false|false\u00a0\u00bb custom_padding_tablet=\u00a0\u00bb||||false|false\u00a0\u00bb custom_padding_phone=\u00a0\u00bb30px||||false|false\u00a0\u00bb global_colors_info=\u00a0\u00bb%22{}%22&Prime;][et_pb_row custom_padding_last_edited=\u00a0\u00bbon|phone\u00a0\u00bb _builder_version=\u00a0\u00bb4.25.2&Prime; _module_preset=\u00a0\u00bb%22default%22&Prime; width=\u00a0\u00bb85%\u00a0\u00bb max_width=\u00a0\u00bb1290px\u00a0\u00bb custom_padding_tablet=\u00a0\u00bb\u00a0\u00bb custom_padding_phone=\u00a0\u00bb0px||||false|false\u00a0\u00bb global_colors_info=\u00a0\u00bb%22{}%22&Prime;][et_pb_column type=\u00a0\u00bb4_4&Prime; _builder_version=\u00a0\u00bb4.25.2&Prime; _module_preset=\u00a0\u00bb%22default%22&Prime; custom_padding=\u00a0\u00bb|||\u00a0\u00bb sticky_limit_bottom=\u00a0\u00bbrow\u00a0\u00bb global_colors_info=\u00a0\u00bb%22{}%22&Prime; custom_padding__hover=\u00a0\u00bb|||\u00a0\u00bb][et_pb_heading title=\u00a0\u00bb\u00c0 propos\u00a0\u00bb _builder_version=\u00a0\u00bb4.25.2&Prime; _module_preset=\u00a0\u00bbdefault\u00a0\u00bb custom_margin=\u00a0\u00bb20px||10px||false|false\u00a0\u00bb title_font_size_tablet=\u00a0\u00bb\u00a0\u00bb title_font_size_phone=\u00a0\u00bb30px\u00a0\u00bb title_font_size_last_edited=\u00a0\u00bbon|phone\u00a0\u00bb global_colors_info=\u00a0\u00bb{}\u00a0\u00bb][\/et_pb_heading][et_pb_text _builder_version=\u00a0\u00bb4.25.2&Prime; _module_preset=\u00a0\u00bb%22default%22&Prime; background_size=\u00a0\u00bbinitial\u00a0\u00bb background_position=\u00a0\u00bbtop_left\u00a0\u00bb background_repeat=\u00a0\u00bbrepeat\u00a0\u00bb global_colors_info=\u00a0\u00bb%22{}%22&Prime;]<\/p>\n<p style=\"text-align: justify;\">Photographe sp\u00e9cialis\u00e9e en architecture d\u2019int\u00e9rieur, j\u2019aide les <span data-token-index=\"1\" class=\"notion-enable-hover\">architectes, d\u00e9corateurs et professionnels du BTP<\/span> \u00e0 r\u00e9v\u00e9ler la valeur r\u00e9elle de leurs projets gr\u00e2ce \u00e0 des images pr\u00e9cises, soign\u00e9es et orient\u00e9es communication.<!-- notionvc: 78de49d8-d66b-42d8-a173-05994afd719e --><\/p>\n<p>[\/et_pb_text][et_pb_image src=\u00a0\u00bbhttp:\/\/osv-photographie.fr\/wp-content\/uploads\/2025\/12\/photo-oce-2.webp\u00a0\u00bb title_text=\u00a0\u00bbphoto oce (2)\u00a0\u00bb align_tablet=\u00a0\u00bbcenter\u00a0\u00bb align_phone=\u00a0\u00bbcenter\u00a0\u00bb align_last_edited=\u00a0\u00bbon|desktop\u00a0\u00bb _builder_version=\u00a0\u00bb4.25.2&Prime; _module_preset=\u00a0\u00bb%22default%22&Prime; animation_style=\u00a0\u00bbslide\u00a0\u00bb animation_direction=\u00a0\u00bbleft\u00a0\u00bb animation_duration=\u00a0\u00bb500ms\u00a0\u00bb animation_intensity_slide=\u00a0\u00bb10%\u00a0\u00bb hover_enabled=\u00a0\u00bb0&Prime; global_colors_info=\u00a0\u00bb%22{}%22&Prime; scroll_horizontal_motion_enable=\u00a0\u00bbon\u00a0\u00bb scroll_horizontal_motion=\u00a0\u00bb0|50|50|50|-4|0|-4&Prime; sticky_enabled=\u00a0\u00bb0&Prime;][\/et_pb_image][et_pb_heading title=\u00a0\u00bbMa vision\u00a0\u00bb _builder_version=\u00a0\u00bb4.25.2&Prime; _module_preset=\u00a0\u00bbdefault\u00a0\u00bb title_level=\u00a0\u00bbh3&Prime; title_font=\u00a0\u00bb&#8211;et_global_body_font||||on||||\u00a0\u00bb title_font_size=\u00a0\u00bb18px\u00a0\u00bb custom_margin=\u00a0\u00bb20px||10px||false|false\u00a0\u00bb global_colors_info=\u00a0\u00bb{}\u00a0\u00bb][\/et_pb_heading][et_pb_text _builder_version=\u00a0\u00bb4.25.2&Prime; _module_preset=\u00a0\u00bb%22default%22&Prime; background_size=\u00a0\u00bbinitial\u00a0\u00bb background_position=\u00a0\u00bbtop_left\u00a0\u00bb background_repeat=\u00a0\u00bbrepeat\u00a0\u00bb hover_enabled=\u00a0\u00bb0&Prime; global_colors_info=\u00a0\u00bb%22{}%22&Prime; text_font_size_last_edited=\u00a0\u00bbon|phone\u00a0\u00bb text_font_size_phone=\u00a0\u00bb14px\u00a0\u00bb sticky_enabled=\u00a0\u00bb0&Prime;]<\/p>\n<p style=\"text-align: justify;\">Je crois qu\u2019une photo ne sert pas seulement \u00e0 montrer un espace : elle doit <span data-token-index=\"1\" class=\"notion-enable-hover\">raconter le savoir\u2011faire<\/span>, sublimer les volumes, les mati\u00e8res, la lumi\u00e8re, et transmettre l\u2019intention du projet. Mon approche combine sens du d\u00e9tail, rigueur technique et sensibilit\u00e9 esth\u00e9tique.<!-- notionvc: 4aed3682-e8b6-4b6f-ac2c-01724eba0bb0 --><br \/><!-- notionvc: 78de49d8-d66b-42d8-a173-05994afd719e --><\/p>\n<p>[\/et_pb_text][et_pb_heading title=\u00a0\u00bbMon parcours\u00a0\u00bb _builder_version=\u00a0\u00bb4.25.2&Prime; _module_preset=\u00a0\u00bbdefault\u00a0\u00bb title_level=\u00a0\u00bbh3&Prime; title_font=\u00a0\u00bb&#8211;et_global_body_font||||on||||\u00a0\u00bb title_font_size=\u00a0\u00bb18px\u00a0\u00bb custom_margin=\u00a0\u00bb20px||10px||false|false\u00a0\u00bb global_colors_info=\u00a0\u00bb{}\u00a0\u00bb][\/et_pb_heading][et_pb_text _builder_version=\u00a0\u00bb4.25.2&Prime; _module_preset=\u00a0\u00bb%22default%22&Prime; global_colors_info=\u00a0\u00bb%22{}%22&Prime; background_size=\u00a0\u00bbinitial\u00a0\u00bb background_position=\u00a0\u00bbtop_left\u00a0\u00bb background_repeat=\u00a0\u00bbrepeat\u00a0\u00bb text_font_size_phone=\u00a0\u00bb14px\u00a0\u00bb text_font_size_last_edited=\u00a0\u00bbon|phone\u00a0\u00bb]<\/p>\n<p style=\"text-align: justify;\">Passionn\u00e9e par l\u2019immobilier et l\u2019architecture, je me suis form\u00e9e aupr\u00e8s de <strong>l\u2019Atelier Charles<\/strong>, en photographie d\u2019architecture d\u2019int\u00e9rieur. Cette formation m\u2019a permis de d\u00e9velopper une ma\u00eetrise professionnelle du cadrage, de la gestion de la lumi\u00e8re et de la mise en valeur d\u2019un espace.<\/p>\n<ul>\n<li>des <strong>agences immobilieres<\/strong><\/li>\n<li><strong>des <span data-token-index=\"1\" class=\"notion-enable-hover\">d\u00e9corateurs<\/span> <\/strong>qui veulent montrer l\u2019avant\/apr\u00e8s et mettre en lumi\u00e8re leur professionnalisme<\/li>\n<li>des <strong><span data-token-index=\"1\" class=\"notion-enable-hover\">artisans et pros du BTP<\/span><\/strong> qui ont besoin de photos impactantes pour valoriser leur travail et gagner de nouveaux contrats<!-- notionvc: 69c85dae-2905-4135-a5c3-7f81f5a48e1a --><\/li>\n<li>des <strong><span data-token-index=\"1\" class=\"notion-enable-hover\">agences immobilieres <\/span><\/strong><!-- notionvc: b75ea1f3-3c01-48e8-a7ee-c833b56ac09a --><\/li>\n<\/ul>\n<p>[\/et_pb_text][et_pb_heading title=\u00a0\u00bbMa mission\u00a0\u00bb _builder_version=\u00a0\u00bb4.25.2&Prime; _module_preset=\u00a0\u00bbdefault\u00a0\u00bb title_level=\u00a0\u00bbh3&Prime; title_font=\u00a0\u00bb&#8211;et_global_body_font||||on||||\u00a0\u00bb title_font_size=\u00a0\u00bb18px\u00a0\u00bb custom_margin=\u00a0\u00bb20px||10px||false|false\u00a0\u00bb global_colors_info=\u00a0\u00bb{}\u00a0\u00bb][\/et_pb_heading][et_pb_text _builder_version=\u00a0\u00bb4.25.2&Prime; _module_preset=\u00a0\u00bbdefault\u00a0\u00bb global_colors_info=\u00a0\u00bb%22{}%22&Prime; background_size=\u00a0\u00bbinitial\u00a0\u00bb background_position=\u00a0\u00bbtop_left\u00a0\u00bb background_repeat=\u00a0\u00bbrepeat\u00a0\u00bb text_font_size_phone=\u00a0\u00bb14px\u00a0\u00bb text_font_size_last_edited=\u00a0\u00bbon|phone\u00a0\u00bb]<\/p>\n<p>Cr\u00e9er des visuels professionnels, fid\u00e8les et attractifs qui am\u00e9liorent <strong>votre communication,<\/strong> renforcent votre cr\u00e9dibilit\u00e9 et vous aident \u00e0 pr\u00e9senter vos projets comme de v\u00e9ritables r\u00e9alisations d\u2019exception.<\/p>\n<p>Car vos projets meritent des photos signature<\/p>\n<p><!-- notionvc: d67781e4-7ab9-4871-a354-ec503de9c780 --><\/p>\n<p>[\/et_pb_text][et_pb_button button_text=\u00a0\u00bbMe contacter\u00a0\u00bb _builder_version=\u00a0\u00bb4.25.2&Prime; _module_preset=\u00a0\u00bbdefault\u00a0\u00bb custom_button=\u00a0\u00bbon\u00a0\u00bb button_text_size=\u00a0\u00bb18px\u00a0\u00bb button_text_color=\u00a0\u00bb#FFFFFF\u00a0\u00bb button_bg_color=\u00a0\u00bb#638489&Prime; button_border_width=\u00a0\u00bb2px\u00a0\u00bb button_border_color=\u00a0\u00bb#638489&Prime; button_border_radius=\u00a0\u00bb0px\u00a0\u00bb button_font=\u00a0\u00bb&#8211;et_global_body_font||||||||\u00a0\u00bb hover_enabled=\u00a0\u00bb0&Prime; global_colors_info=\u00a0\u00bb{}\u00a0\u00bb button_border_width__hover_enabled=\u00a0\u00bbon|hover\u00a0\u00bb button_border_color__hover_enabled=\u00a0\u00bbon|hover\u00a0\u00bb button_border_color__hover=\u00a0\u00bb#638489&Prime; button_border_width__hover=\u00a0\u00bb2px\u00a0\u00bb button_text_size_last_edited=\u00a0\u00bbon|phone\u00a0\u00bb button_text_size_phone=\u00a0\u00bb16px\u00a0\u00bb sticky_enabled=\u00a0\u00bb0&Prime; button_text_size_tablet=\u00a0\u00bb18px\u00a0\u00bb][\/et_pb_button][\/et_pb_column][\/et_pb_row][\/et_pb_section]<\/p>\n","protected":false},"excerpt":{"rendered":"<p>Photographe sp\u00e9cialis\u00e9e en architecture d\u2019int\u00e9rieur, j\u2019aide les architectes, d\u00e9corateurs et professionnels du BTP \u00e0 r\u00e9v\u00e9ler la valeur r\u00e9elle de leurs projets gr\u00e2ce \u00e0 des images pr\u00e9cises, soign\u00e9es et orient\u00e9es communication.Je crois qu\u2019une photo ne sert pas seulement \u00e0 montrer un espace : elle doit raconter le savoir\u2011faire, sublimer les volumes, les mati\u00e8res, la lumi\u00e8re, et transmettre l\u2019intention du projet. Mon approche combine sens du d\u00e9tail, rigueur technique et sensibilit\u00e9 esth\u00e9tique.Passionn\u00e9e par l\u2019immobilier et l\u2019architecture, je me suis form\u00e9e aupr\u00e8s de l\u2019Atelier Charles, en photographie d\u2019architecture d\u2019int\u00e9rieur. Cette formation m\u2019a permis de d\u00e9velopper une ma\u00eetrise professionnelle du cadrage, de la gestion de la lumi\u00e8re et de la mise en valeur d\u2019un espace. des agences immobilieres des d\u00e9corateurs qui veulent montrer l\u2019avant\/apr\u00e8s et mettre en lumi\u00e8re leur professionnalisme des artisans et pros du BTP qui ont besoin de photos impactantes pour valoriser leur travail et gagner de nouveaux contrats des agences immobilieres Cr\u00e9er des visuels professionnels, fid\u00e8les et attractifs qui am\u00e9liorent votre communication, renforcent votre cr\u00e9dibilit\u00e9 et vous aident \u00e0 pr\u00e9senter vos projets comme de v\u00e9ritables r\u00e9alisations d\u2019exception. Car vos projets meritent des photos signature Photographe sp\u00e9cialis\u00e9e en architecture d\u2019int\u00e9rieur, j\u2019aide les architectes, d\u00e9corateurs et professionnels du BTP \u00e0 r\u00e9v\u00e9ler la valeur [&hellip;]<\/p>\n","protected":false},"author":1,"featured_media":0,"parent":0,"menu_order":0,"comment_status":"closed","ping_status":"closed","template":"","meta":{"_et_pb_use_builder":"on","_et_pb_old_content":"","_et_gb_content_width":"","footnotes":""},"class_list":["post-53","page","type-page","status-publish","hentry"],"_links":{"self":[{"href":"https:\/\/osv-photographie.fr\/index.php\/wp-json\/wp\/v2\/pages\/53","targetHints":{"allow":["GET"]}}],"collection":[{"href":"https:\/\/osv-photographie.fr\/index.php\/wp-json\/wp\/v2\/pages"}],"about":[{"href":"https:\/\/osv-photographie.fr\/index.php\/wp-json\/wp\/v2\/types\/page"}],"author":[{"embeddable":true,"href":"https:\/\/osv-photographie.fr\/index.php\/wp-json\/wp\/v2\/users\/1"}],"replies":[{"embeddable":true,"href":"https:\/\/osv-photographie.fr\/index.php\/wp-json\/wp\/v2\/comments?post=53"}],"version-history":[{"count":16,"href":"https:\/\/osv-photographie.fr\/index.php\/wp-json\/wp\/v2\/pages\/53\/revisions"}],"predecessor-version":[{"id":821,"href":"https:\/\/osv-photographie.fr\/index.php\/wp-json\/wp\/v2\/pages\/53\/revisions\/821"}],"wp:attachment":[{"href":"https:\/\/osv-photographie.fr\/index.php\/wp-json\/wp\/v2\/media?parent=53"}],"curies":[{"name":"wp","href":"https:\/\/api.w.org\/{rel}","templated":true}]}}